{"id":990730,"date":"2017-07-31T12:46:27","date_gmt":"2017-07-31T10:46:27","guid":{"rendered":"https:\/\/trakcjasystem.pl\/angebot\/"},"modified":"2024-09-23T14:09:12","modified_gmt":"2024-09-23T12:09:12","slug":"angebot","status":"publish","type":"page","link":"https:\/\/trakcjasystem.pl\/de\/angebot\/","title":{"rendered":"Angebot"},"content":{"rendered":"<div class=\"vgblk-rw-wrapper limit-wrapper\">\n<h2>\n\tUnsere <br \/><strong>Leistungen<\/strong>\n\t<\/h2>\n\t<p>Wir bieten umfassende, spezialistische Bau- und Planungsleistungen im Bereich des Bahnstromnetzes.<\/p>\n<h2>\n\t<strong>Planung<\/strong>\n\t<\/h2>\n\t<p>Wir bieten Dienstleistungen im Bereich der Planung von Bahnstromversorgung an, darunter:<\/p>\n<ul>\n<li>Oberleitung,<\/li>\n<li>Stromversorgung bis zu 1\u00a0kV,<\/li>\n<li>Beleuchtung,<\/li>\n<li>elektrische Weichenheizung,<\/li>\n<li>Zusatzleitungen 20\u00a0kV,<\/li>\n<li>Mittelspannungs-Stromversorgung bis 30\u00a0kV,<\/li>\n<li>lokale Steuerung von Oberleitungstrennschaltern.<\/li>\n<\/ul>\n\t<p>F\u00fcr die Planung verwenden wir moderne CAD-Software. Unsere Pl\u00e4ne entsprechen den geltenden technischen und rechtlichen Vorschriften sowie den Anforderungen des Baurechts und des Ingenieurwissens.<\/p>\n<h2>\n\t<strong>Bauleistung<\/strong>\n\t<\/h2>\n\t<p>Wir bieten umfassende spezialisierte Bauleistungen im Bereich des Bahnstromnetzes an.<\/p>\n<h3>\n\tOberleitungen\n\t<\/h3>\n\t<ul>\n<li>Fundamentarbeiten,<\/li>\n<li>Montage von St\u00fctzkonstruktionen,<\/li>\n<li>Montage von Fahr-Oberleitung,<\/li>\n<li>Montage von R\u00fcckleitungen,<\/li>\n<li>Montage von Bahnerdung,<\/li>\n<li>Montagearbeiten an Zusatzleitungen auf Oberleitungstragwerken.<\/li>\n<\/ul>\n<h3>\n\tBahnstromnetze\n\t<\/h3>\n\t<ul>\n<li>Bau und Umbau von elektrischen Weichenheizungen,<\/li>\n<li>Bau und Umbau der Au\u00dfenbeleuchtung von Bahnanlagen,<\/li>\n<li>Kollisionspr\u00fcfungen &#8211; Niederspannung und maximale Spannung<\/li>\n<li>Bau und Umbau von Leitungen, lokalen Steuerger\u00e4ten und Oberleitungstrennschaltern,<\/li>\n<li>Bau und Umbau von Versorgungsleitungen f\u00fcr Oberleitung.<\/li>\n<\/ul>\n<h3>\n\tEisenbahnverkehrssteuerung und Telekommunikations- und IT-Netzwerke  \n\t<\/h3>\n\t<ul>\n<li>Errichtung von Bahnhof- und Streckenausr\u00fcstung,<\/li>\n<li>Einrichtung von \u00dcbergangsanlagen,<\/li>\n<li>zeitliche Staffelung der Arbeiten (im Bereich der Zugsteuerungsanlagen),<\/li>\n<li>Entwicklung der Telekommunikationsinfrastruktur.<\/li>\n<\/ul>\n<h2>\n\t<b>Maschinen<\/b>park\n\t<\/h2>\n\t<p>Trakcja System verf\u00fcgt \u00fcber mehrere Duzend von hochmodernen Spezialger\u00e4ten, Maschinen und Fahrzeugen f\u00fcr die Ausf\u00fchrung der Oberleitungsbauarbeiten.<\/p>\n\t<a href=\"https:\/\/trakcjasystem.pl\/de\/maschinenpark\/\" target=\"_self\" role=\"button\" rel=\"noopener\">\n\t\t\t\t\tunser Maschinenpark \n\t<\/a>\n\n<\/div><!-- .vgblk-rw-wrapper -->","protected":false},"excerpt":{"rendered":"<p>Unsere Leistungen Wir bieten umfassende, spezialistische Bau- und Planungsleistungen im Bereich des Bahnstromnetzes. Planung Wir bieten Dienstleistungen im Bereich der Planung von Bahnstromversorgung an, darunter: Oberleitung, Stromversorgung bis zu 1\u00a0kV, Beleuchtung, elektrische Weichenheizung, Zusatzleitungen 20\u00a0kV, Mittelspannungs-Stromversorgung bis 30\u00a0kV, lokale Steuerung von Oberleitungstrennschaltern. F\u00fcr die Planung verwenden wir moderne CAD-Software. Unsere Pl\u00e4ne entsprechen den geltenden technischen&#8230;<\/p>\n","protected":false},"author":1,"featured_media":987915,"parent":0,"menu_order":0,"comment_status":"closed","ping_status":"closed","template":"","meta":{"_acf_changed":false,"inline_featured_image":false,"footnotes":""},"class_list":["post-990730","page","type-page","status-publish","has-post-thumbnail","hentry"],"acf":[],"_links":{"self":[{"href":"https:\/\/trakcjasystem.pl\/de\/wp-json\/wp\/v2\/pages\/990730","targetHints":{"allow":["GET"]}}],"collection":[{"href":"https:\/\/trakcjasystem.pl\/de\/wp-json\/wp\/v2\/pages"}],"about":[{"href":"https:\/\/trakcjasystem.pl\/de\/wp-json\/wp\/v2\/types\/page"}],"author":[{"embeddable":true,"href":"https:\/\/trakcjasystem.pl\/de\/wp-json\/wp\/v2\/users\/1"}],"replies":[{"embeddable":true,"href":"https:\/\/trakcjasystem.pl\/de\/wp-json\/wp\/v2\/comments?post=990730"}],"version-history":[{"count":1,"href":"https:\/\/trakcjasystem.pl\/de\/wp-json\/wp\/v2\/pages\/990730\/revisions"}],"predecessor-version":[{"id":991534,"href":"https:\/\/trakcjasystem.pl\/de\/wp-json\/wp\/v2\/pages\/990730\/revisions\/991534"}],"wp:featuredmedia":[{"embeddable":true,"href":"https:\/\/trakcjasystem.pl\/de\/wp-json\/wp\/v2\/media\/987915"}],"wp:attachment":[{"href":"https:\/\/trakcjasystem.pl\/de\/wp-json\/wp\/v2\/media?parent=990730"}],"curies":[{"name":"wp","href":"https:\/\/api.w.org\/{rel}","templated":true}]}}