{"id":990723,"date":"2022-02-15T15:44:36","date_gmt":"2022-02-15T14:44:36","guid":{"rendered":"https:\/\/trakcjasystem.pl\/ueber-die-firma\/ueber-uns\/"},"modified":"2024-07-09T08:53:06","modified_gmt":"2024-07-09T06:53:06","slug":"ueber-uns","status":"publish","type":"page","link":"https:\/\/trakcjasystem.pl\/de\/ueber-die-firma\/ueber-uns\/","title":{"rendered":"\u00dcber uns"},"content":{"rendered":"<div class=\"vgblk-rw-wrapper limit-wrapper\">\n\n\t<p>Trakcja System Sp. z o.o. bietet Dienstleistungen im Bausektor mit Schwerpunkt auf Elektrotechnik an.<\/p>\n<h3>\n\t<strong>Das Unternehmen wurde im Jahr 2012<\/strong><br \/>mit 100&nbsp;% polnischem Kapital gegr\u00fcndet.\n\t<\/h3>\n\t<p>Wir bieten Montagearbeiten beim Bau, Umbau und Reparatur von Oberleitungen und elektrischen Anlagen innerhalb der Bahninfrastruktur an. Der T\u00e4tigkeitsbereich der Firma umfasst auch Dienstleistungen im Bereich der Planung von Oberleitungsanlagen und ab 2023 auch der Steuerungstechnik.<\/p>\n\t<p>Arbeiten werden von hochqualifiziertem Personal mit den erforderlichen Qualifikationen und langj\u00e4hriger Erfahrung in der Baubranche ausgef\u00fchrt.<\/p>\n\t<p>Au\u00dferdem verf\u00fcgen wir \u00fcber einen umfangreichen, spezialisierten Maschinenpark, dank dem wir die Arbeiten schneller und unabh\u00e4ngig ausf\u00fchren und die Zahl der Subunternehmer reduzieren k\u00f6nnen.<\/p>\n\t<p>Unser nach der Norm <strong>PN-EN ISO 9001:2015<\/strong> zertifiziertes Qualit\u00e4tsmanagementsystem gew\u00e4hrleistet hohe Qualit\u00e4t unserer Dienstleistungen, die den wachsenden Anforderungen der Kunden entsprechen. Anforderungen des Qualit\u00e4tsmanagementsystems umfassen \u201e<strong>Dienstleistungen im Bereich der Planungs-, Bau- und Modernisierung vom Bahnstromnetz<\/strong>&#8222;.<\/p>\n<h2>\n\tMachen Sie mit\n\t<\/h2>\n<h3>\n\tTrakcja System Sp. z o.o. bietet stabile Besch\u00e4ftigung und berufliche Entwicklung.<br \/> Die Aufrechterhaltung hoher Standards von den Arbeitsbedingungen ist eine weitere St\u00e4rke unserer Firma.\n\t<\/h3>\n\t<a href=\"https:\/\/trakcjasystem.pl\/praca\/\" target=\"_self\" role=\"button\" rel=\"noopener\">\n\t\t\t\t\tStellenagebote ansehen\n\t<\/a>\n\n<\/div><!-- .vgblk-rw-wrapper -->","protected":false},"excerpt":{"rendered":"<p>Trakcja System Sp. z o.o. bietet Dienstleistungen im Bausektor mit Schwerpunkt auf Elektrotechnik an. Das Unternehmen wurde im Jahr 2012mit 100&nbsp;% polnischem Kapital gegr\u00fcndet. Wir bieten Montagearbeiten beim Bau, Umbau und Reparatur von Oberleitungen und elektrischen Anlagen innerhalb der Bahninfrastruktur an. Der T\u00e4tigkeitsbereich der Firma umfasst auch Dienstleistungen im Bereich der Planung von Oberleitungsanlagen und&#8230;<\/p>\n","protected":false},"author":1,"featured_media":987915,"parent":990649,"menu_order":0,"comment_status":"closed","ping_status":"closed","template":"","meta":{"_acf_changed":false,"inline_featured_image":false,"footnotes":""},"class_list":["post-990723","page","type-page","status-publish","has-post-thumbnail","hentry"],"acf":[],"_links":{"self":[{"href":"https:\/\/trakcjasystem.pl\/de\/wp-json\/wp\/v2\/pages\/990723","targetHints":{"allow":["GET"]}}],"collection":[{"href":"https:\/\/trakcjasystem.pl\/de\/wp-json\/wp\/v2\/pages"}],"about":[{"href":"https:\/\/trakcjasystem.pl\/de\/wp-json\/wp\/v2\/types\/page"}],"author":[{"embeddable":true,"href":"https:\/\/trakcjasystem.pl\/de\/wp-json\/wp\/v2\/users\/1"}],"replies":[{"embeddable":true,"href":"https:\/\/trakcjasystem.pl\/de\/wp-json\/wp\/v2\/comments?post=990723"}],"version-history":[{"count":0,"href":"https:\/\/trakcjasystem.pl\/de\/wp-json\/wp\/v2\/pages\/990723\/revisions"}],"up":[{"embeddable":true,"href":"https:\/\/trakcjasystem.pl\/de\/wp-json\/wp\/v2\/pages\/990649"}],"wp:featuredmedia":[{"embeddable":true,"href":"https:\/\/trakcjasystem.pl\/de\/wp-json\/wp\/v2\/media\/987915"}],"wp:attachment":[{"href":"https:\/\/trakcjasystem.pl\/de\/wp-json\/wp\/v2\/media?parent=990723"}],"curies":[{"name":"wp","href":"https:\/\/api.w.org\/{rel}","templated":true}]}}