{"id":990721,"date":"2017-05-08T17:30:45","date_gmt":"2017-05-08T15:30:45","guid":{"rendered":"https:\/\/trakcjasystem.pl\/ueber-die-firma\/eg-zertifikate\/"},"modified":"2025-10-16T12:40:35","modified_gmt":"2025-10-16T10:40:35","slug":"eg-zertifikate","status":"publish","type":"page","link":"https:\/\/trakcjasystem.pl\/de\/ueber-die-firma\/eg-zertifikate\/","title":{"rendered":"EG-Zertifikate"},"content":{"rendered":"<div class=\"vgblk-rw-wrapper limit-wrapper\">\n\n\t<p>Eine wichtige Best\u00e4tigung daf\u00fcr, dass die von der Firma gebauten Oberleitungen den h\u00f6chsten Anforderungen entsprechen, sind Zertifikate, die von einer benannten Stelle ausgestellt werden und bei R\u00fcckleitung eine vom Pr\u00e4sidenten des Amtes f\u00fcr Bahntransport ausgestellte Inbetriebnahmegenehmigung.<\/p>\n<h3>\n\t\t\tTrakcja System ist f\u00fcr die folgenden Typen von Oberleitungen zertifiziert:\t<\/h3>\n\n<\/div><!-- .vgblk-rw-wrapper -->","protected":false},"excerpt":{"rendered":"<p>Eine wichtige Best\u00e4tigung daf\u00fcr, dass die von der Firma gebauten Oberleitungen den h\u00f6chsten Anforderungen entsprechen, sind Zertifikate, die von einer benannten Stelle ausgestellt werden und bei R\u00fcckleitung eine vom Pr\u00e4sidenten des Amtes f\u00fcr Bahntransport ausgestellte Inbetriebnahmegenehmigung. Trakcja System ist f\u00fcr die folgenden Typen von Oberleitungen zertifiziert:<\/p>\n","protected":false},"author":1,"featured_media":987915,"parent":990649,"menu_order":0,"comment_status":"closed","ping_status":"closed","template":"","meta":{"_acf_changed":false,"inline_featured_image":false,"footnotes":""},"class_list":["post-990721","page","type-page","status-publish","has-post-thumbnail","hentry"],"acf":[],"_links":{"self":[{"href":"https:\/\/trakcjasystem.pl\/de\/wp-json\/wp\/v2\/pages\/990721","targetHints":{"allow":["GET"]}}],"collection":[{"href":"https:\/\/trakcjasystem.pl\/de\/wp-json\/wp\/v2\/pages"}],"about":[{"href":"https:\/\/trakcjasystem.pl\/de\/wp-json\/wp\/v2\/types\/page"}],"author":[{"embeddable":true,"href":"https:\/\/trakcjasystem.pl\/de\/wp-json\/wp\/v2\/users\/1"}],"replies":[{"embeddable":true,"href":"https:\/\/trakcjasystem.pl\/de\/wp-json\/wp\/v2\/comments?post=990721"}],"version-history":[{"count":1,"href":"https:\/\/trakcjasystem.pl\/de\/wp-json\/wp\/v2\/pages\/990721\/revisions"}],"predecessor-version":[{"id":992009,"href":"https:\/\/trakcjasystem.pl\/de\/wp-json\/wp\/v2\/pages\/990721\/revisions\/992009"}],"up":[{"embeddable":true,"href":"https:\/\/trakcjasystem.pl\/de\/wp-json\/wp\/v2\/pages\/990649"}],"wp:featuredmedia":[{"embeddable":true,"href":"https:\/\/trakcjasystem.pl\/de\/wp-json\/wp\/v2\/media\/987915"}],"wp:attachment":[{"href":"https:\/\/trakcjasystem.pl\/de\/wp-json\/wp\/v2\/media?parent=990721"}],"curies":[{"name":"wp","href":"https:\/\/api.w.org\/{rel}","templated":true}]}}