{"id":990654,"date":"2017-04-21T10:20:39","date_gmt":"2017-04-21T08:20:39","guid":{"rendered":"https:\/\/trakcjasystem.pl\/ueber-die-firma\/mission-vision-strategie-und-werte\/"},"modified":"2024-07-08T13:31:04","modified_gmt":"2024-07-08T11:31:04","slug":"mission-vision-strategie-und-werte","status":"publish","type":"page","link":"https:\/\/trakcjasystem.pl\/de\/ueber-die-firma\/mission-vision-strategie-und-werte\/","title":{"rendered":"Mission, Vision, Strategie und Werte"},"content":{"rendered":"<div class=\"vgblk-rw-wrapper limit-wrapper\">\n<h2>\n\t<strong>Mission<\/strong>\n\t<\/h2>\n\t<p>Unsere Mission ist es, Dienstleistungen im Bereich der Planungs-, Bau- und Modernisierung vom Bahnstromnetz auf h\u00f6chstem Niveau zu erbringen.<\/p>\n<h3>\n\tWir erf\u00fcllen unsere Mission:\n\t<\/h3>\n\t<ul>\n<li>mithilfe von unseren erfahrenen, hochqualifizierten Mitarbeitern,<\/li>\n<li>zuverl\u00e4ssig, p\u00fcnktlich und basierend auf Wissen und bew\u00e4hrten Praktiken der Branche,<\/li>\n<li>mit eigener Ausr\u00fcstung und Transportfahrzeugen,<\/li>\n<li>unter Anwendung von einem partnerschaftlichen Ansatz bei der Zusammenarbeit mit unseren Kunden und Gesch\u00e4ftspartnern.<\/li>\n<\/ul>\n<h2>\n\t<strong>Vision<\/strong>\n\t<\/h2>\n\t<p>Eine stabil wachsende Firma, die eine wichtige Rolle bei der Entwicklung der polnischen Bahninfrastruktur spielt, f\u00fcr Qualit\u00e4t ihrer Arbeiten, Umfang ihrer Dienstleistungen sowie die Kompetenz und das Engagement ihrer Mitarbeiter gesch\u00e4tzt.<\/p>\n<h2>\n\t<strong>Strategie<\/strong>\n\t<\/h2>\n<h3>\n\tDie wichtigsten Elemente unserer Strategie sind:\n\t<\/h3>\n\t<ul>\n<li>Aufrechterhaltung eines signifikanten Anteils in der Ausf\u00fchrung von Schienenverkehr- Investitionen unter Verwendung von EU-Mitteln,<\/li>\n<li>Erh\u00f6hung der Standards der Ausf\u00fchrung von Bauarbeiten,<\/li>\n<li>Entwicklung der Qualifikationen der Mitarbeiter,<\/li>\n<li>Aufbau, Pflege und Entwicklung von partnerschaftlichen Beziehungen mit Gesch\u00e4ftspartnern,<\/li>\n<li>\u00dcberwachung der Absatzmarktes in Europa.<\/li>\n<\/ul>\n<h2>\n\t<strong>Werte<\/strong>\n\t<\/h2>\n\t<p>Unsere Werte lassen sich in vier Punkten zusammenfassen:<\/p>\n<h3>\n\tMenschen machen das Unternehmen aus.\n\t<\/h3>\n\t<p>Wir k\u00f6nnen uns gl\u00fccklich sch\u00e4tzen, mit diesen zu arbeiten. Trakcja System ist in erster Linie ein Team erfahrener Mitarbeiter, die \u00fcber ein umfangreiches Fachwissen und mehrj\u00e4hrige Berufserfahrung in der Branche verf\u00fcgen. Deshalb k\u00fcmmern wir uns um unsere Mitarbeiter und investieren in ihre Entwicklung. Wir wissen, dass die Kenntnisse und das Engagement unserer Mitarbeiter der Schl\u00fcssel zum reibungslosen Funktionieren der Firma sind.<\/p>\n<h3>\n\tWir glauben an die Kraft der Partnerschaft.\n\t<\/h3>\n\t<p>Wir halten unsere Verpflichtungen ein, sind p\u00fcnktlich, aufrecht und transparent in unserem Handeln. Das Gleiche erwarten wir von unseren Gesch\u00e4ftspartnern. Dank diesem Ansatz bauen wir Partnerschaften auf, die auf gegenseitigem Vertrauen und Kontinuit\u00e4t der Zusammenarbeit beruhen.<\/p>\n<h3>\n\tWir handeln systematisch.\n\t<\/h3>\n\t<p>Dieser Ansatz ist in unserem Namen enthalten. Die Arbeit der Firma ist nach gut durchdachten und etablierten Prozessen strukturiert und organisiert. Wir denken und planen strategisch und lassen keinen Raum f\u00fcr Zuf\u00e4lle, indem wir uns auf die wichtigsten Aspekte der Gesch\u00e4ftst\u00e4tigkeit konzentrieren, die mit der Qualit\u00e4t der von uns angebotenen Dienstleistungen zusammenh\u00e4ngen.<\/p>\n<h3>\n\tWir konzentrieren uns auf die umfassenden Dienstleistungen.\n\t<\/h3>\n\t<p>Wir sind uns bewusst, dass eine Vielzahl von Kompetenzen unsere Firma st\u00e4rkt und uns mehr Freiraum bei der Erf\u00fcllung unserer Aufgaben gibt. Wir versuchen also, ganzheitlich zu handeln. Wir sind sowohl an der Planung als auch an der Umsetzung beteiligt und erweitern st\u00e4ndig unseren Fachger\u00e4tepark. Auf diese Weise werden wir zunehmend unabh\u00e4ngig und k\u00f6nnen die Inanspruchnahme externer Dienstleister reduzieren.<\/p>\n\n<\/div><!-- .vgblk-rw-wrapper -->","protected":false},"excerpt":{"rendered":"<p>Mission Unsere Mission ist es, Dienstleistungen im Bereich der Planungs-, Bau- und Modernisierung vom Bahnstromnetz auf h\u00f6chstem Niveau zu erbringen. Wir erf\u00fcllen unsere Mission: mithilfe von unseren erfahrenen, hochqualifizierten Mitarbeitern, zuverl\u00e4ssig, p\u00fcnktlich und basierend auf Wissen und bew\u00e4hrten Praktiken der Branche, mit eigener Ausr\u00fcstung und Transportfahrzeugen, unter Anwendung von einem partnerschaftlichen Ansatz bei der Zusammenarbeit&#8230;<\/p>\n","protected":false},"author":1,"featured_media":987915,"parent":990649,"menu_order":0,"comment_status":"closed","ping_status":"closed","template":"","meta":{"_acf_changed":false,"inline_featured_image":false,"footnotes":""},"class_list":["post-990654","page","type-page","status-publish","has-post-thumbnail","hentry"],"acf":[],"_links":{"self":[{"href":"https:\/\/trakcjasystem.pl\/de\/wp-json\/wp\/v2\/pages\/990654","targetHints":{"allow":["GET"]}}],"collection":[{"href":"https:\/\/trakcjasystem.pl\/de\/wp-json\/wp\/v2\/pages"}],"about":[{"href":"https:\/\/trakcjasystem.pl\/de\/wp-json\/wp\/v2\/types\/page"}],"author":[{"embeddable":true,"href":"https:\/\/trakcjasystem.pl\/de\/wp-json\/wp\/v2\/users\/1"}],"replies":[{"embeddable":true,"href":"https:\/\/trakcjasystem.pl\/de\/wp-json\/wp\/v2\/comments?post=990654"}],"version-history":[{"count":0,"href":"https:\/\/trakcjasystem.pl\/de\/wp-json\/wp\/v2\/pages\/990654\/revisions"}],"up":[{"embeddable":true,"href":"https:\/\/trakcjasystem.pl\/de\/wp-json\/wp\/v2\/pages\/990649"}],"wp:featuredmedia":[{"embeddable":true,"href":"https:\/\/trakcjasystem.pl\/de\/wp-json\/wp\/v2\/media\/987915"}],"wp:attachment":[{"href":"https:\/\/trakcjasystem.pl\/de\/wp-json\/wp\/v2\/media?parent=990654"}],"curies":[{"name":"wp","href":"https:\/\/api.w.org\/{rel}","templated":true}]}}