{"id":990649,"date":"2016-12-05T16:27:32","date_gmt":"2016-12-05T15:27:32","guid":{"rendered":"https:\/\/trakcjasystem.pl\/ueber-die-firma\/"},"modified":"2024-07-08T13:03:05","modified_gmt":"2024-07-08T11:03:05","slug":"ueber-die-firma","status":"publish","type":"page","link":"https:\/\/trakcjasystem.pl\/de\/ueber-die-firma\/","title":{"rendered":"\u00dcber uns"},"content":{"rendered":"<div class=\"vgblk-rw-wrapper limit-wrapper\">\n<h3>\n\t\u00dcber uns\n\t<\/h3>\n\t<p>Trakcja System Sp. z o.o. bietet Dienstleistungen im Bausektor mit Schwerpunkt auf Elektrotechnik an.<\/p>\n\t<a href=\"https:\/\/trakcjasystem.pl\/de\/ueber-die-firma\/ueber-uns\/\" target=\"_self\" role=\"button\" rel=\"noopener\">\n\t\t\t\t\tMehr lesen\n\t<\/a>\n<h3>\n\tMission, Vision, Strategie und Werte\n\t<\/h3>\n\t<p>Wir wissen, was wir tun und in welche Richtung wir uns entwickeln wollen. Deshalb haben wir eine klar definierte Mission, Vision und Werte.<\/p>\n\t<a href=\"https:\/\/trakcjasystem.pl\/de\/ueber-die-firma\/mission-vision-strategie-und-werte\/\" target=\"_self\" role=\"button\" rel=\"noopener\">\n\t\t\t\t\tMehr lesen\n\t<\/a>\n<h3>\n\t\t\t<a href=\"https:\/\/trakcjasystem.pl\/de\/ueber-die-firma\/eg-zertifikate\/\" title=\"EG-Zertifikate\" target=\"_self\" rel=\"noopener\">\n\tEG-Zertifikate\n\t\t\t<\/a>\n\t<\/h3>\n\t<p>Eine wichtige Best\u00e4tigung daf\u00fcr, dass die von der Firma gebauten Oberleitungen den h\u00f6chsten Anforderungen entsprechen, sind Zertifikate, die von einer benannten Stelle ausgestellt werden.<\/p>\n\t<a href=\"https:\/\/trakcjasystem.pl\/de\/ueber-die-firma\/eg-zertifikate\/\" target=\"_self\" role=\"button\" rel=\"noopener\">\n\t\t\t\t\tMehr lesen\n\t<\/a>\n<h3>\n\tSoziale Verantwortung von Unternehmen\n\t<\/h3>\n\t<p>Wir stellen sicher, dass wir als sozial verantwortliches Unternehmen funktionieren. In unserer Gesch\u00e4ftst\u00e4tigkeit ber\u00fccksichtigen wir die Interessen der Gesellschaft, Beziehungen zu Kunden und Gesch\u00e4ftspartnern, Bed\u00fcrfnisse der Mitarbeiter und Umweltschutzaspekte.<\/p>\n\t<a href=\"https:\/\/trakcjasystem.pl\/de\/ueber-die-firma\/soziale-verantwortung-von-unternehmen\/\" target=\"_self\" role=\"button\" rel=\"noopener\">\n\t\t\t\t\tMehr lesen\n\t<\/a>\n<h3>\n\tPreise und Auszeichnungen\n\t<\/h3>\n\t<p>Die Qualit\u00e4t unserer Dienstleistungen und unsere gute finanzielle Lage werden durch Auszeichnungen und Preise best\u00e4tigt. Bisher wurden wir mit den prestigetr\u00e4chtigen Titeln \u201eDiament Forbesa&#8220; und \u201eGazela Biznesu&#8220; ausgezeichnet.<\/p>\n\t<a href=\"https:\/\/trakcjasystem.pl\/de\/ueber-die-firma\/preise-und-auszeichnungen\/\" target=\"_self\" role=\"button\" rel=\"noopener\">\n\t\t\t\t\tMehr lesen\n\t<\/a>\n<h3>\n\tDSGVO\n\t<\/h3>\n\t<p>Wir messen der uns auferlegten Verantwortung gro\u00dfe Bedeutung bei. Wir gew\u00e4hrleisten eine vollst\u00e4ndige Transparenz bei der Verarbeitung personenbezogener Daten. Lesen Sie unsere DSGVO-Informationsklausel.<\/p>\n\t<a href=\"https:\/\/trakcjasystem.pl\/de\/dsgvo\/\" target=\"_self\" role=\"button\" rel=\"noopener\">\n\t\t\t\t\tMehr lesen\n\t<\/a>\n\n<\/div><!-- .vgblk-rw-wrapper -->","protected":false},"excerpt":{"rendered":"<p>\u00dcber uns Trakcja System Sp. z o.o. bietet Dienstleistungen im Bausektor mit Schwerpunkt auf Elektrotechnik an. Mehr lesen Mission, Vision, Strategie und Werte Wir wissen, was wir tun und in welche Richtung wir uns entwickeln wollen. Deshalb haben wir eine klar definierte Mission, Vision und Werte. Mehr lesen EG-Zertifikate Eine wichtige Best\u00e4tigung daf\u00fcr, dass die&#8230;<\/p>\n","protected":false},"author":1,"featured_media":987915,"parent":0,"menu_order":0,"comment_status":"closed","ping_status":"closed","template":"","meta":{"_acf_changed":false,"inline_featured_image":false,"footnotes":""},"class_list":["post-990649","page","type-page","status-publish","has-post-thumbnail","hentry"],"acf":[],"_links":{"self":[{"href":"https:\/\/trakcjasystem.pl\/de\/wp-json\/wp\/v2\/pages\/990649","targetHints":{"allow":["GET"]}}],"collection":[{"href":"https:\/\/trakcjasystem.pl\/de\/wp-json\/wp\/v2\/pages"}],"about":[{"href":"https:\/\/trakcjasystem.pl\/de\/wp-json\/wp\/v2\/types\/page"}],"author":[{"embeddable":true,"href":"https:\/\/trakcjasystem.pl\/de\/wp-json\/wp\/v2\/users\/1"}],"replies":[{"embeddable":true,"href":"https:\/\/trakcjasystem.pl\/de\/wp-json\/wp\/v2\/comments?post=990649"}],"version-history":[{"count":0,"href":"https:\/\/trakcjasystem.pl\/de\/wp-json\/wp\/v2\/pages\/990649\/revisions"}],"wp:featuredmedia":[{"embeddable":true,"href":"https:\/\/trakcjasystem.pl\/de\/wp-json\/wp\/v2\/media\/987915"}],"wp:attachment":[{"href":"https:\/\/trakcjasystem.pl\/de\/wp-json\/wp\/v2\/media?parent=990649"}],"curies":[{"name":"wp","href":"https:\/\/api.w.org\/{rel}","templated":true}]}}