{"id":990644,"date":"2016-12-05T16:29:56","date_gmt":"2016-12-05T15:29:56","guid":{"rendered":"https:\/\/trakcjasystem.pl\/startseite\/"},"modified":"2026-03-31T13:03:31","modified_gmt":"2026-03-31T11:03:31","slug":"startseite","status":"publish","type":"page","link":"https:\/\/trakcjasystem.pl\/de\/","title":{"rendered":"Startseite"},"content":{"rendered":"<div class=\"vgblk-rw-wrapper limit-wrapper\">\n<h3>\n\t\t\t<a href=\"\/de\/angebot\/\" title=\"Planung\" target=\"_self\">\n\tPlanung\n\t\t\t<\/a>\n\t<\/h3>\n\t<p>Wir bieten Dienstleistungen im Bereich der Planung von Oberleitungsanlagen, Stromversorgungsleitungen sowie Bahnstromversorgungsanlagen bis 1 kV an.<\/p>\n<h3>\n\t\t\t<a href=\"\/de\/abgeschlossene-projekte\/\" title=\"Bauleistung\" target=\"_self\">\n\tBauleistung\n\t\t\t<\/a>\n\t<\/h3>\n\t<p>Wir bieten umfassende spezialisierte Bauleistungen im Bereich des Eisenbahnstromnetzes an. Wir haben Dutzende von Projekten in Polen ausgef\u00fchrt.<\/p>\n<h3>\n\t\t\t<a href=\"\/de\/maschinenpark\/\" title=\"Potenzial\" target=\"_blank\">\n\tPotenzial\n\t\t\t<\/a>\n\t<\/h3>\n\t<p>Unser gr\u00f6\u00dftes Potenzial liegt in unseren erfahrenen und qualifizierten Mitarbeitern sowie in unserem spezialisierten, modernen Maschinenpark.<\/p>\n<h5>\n\t\u00dcBER UNS\n\t<\/h5>\n\t<h2>Wie wir arbeiten?<\/h2>\n<h3><strong>Der Colmar Kran bei der Montage der Schrankenkonstruktionen<\/strong><\/h3>\n\t<p>Das Video zeigt die Montage einer Signalkonstruktion auf der Bahnstrecke Nr. 150 im Rahmen eines Projekts zur umfassenden Sanierung der Eisenbahninfrastruktur auf den Streckenabschnitten Nr. 93, 139, 150 und 693 einschlie\u00dflich des Bahnhofs Czechowice-Dziedzice.<\/p>\n<p>Colmar T10000FSC Kran wird f\u00fcr die anspruchsvollsten Montagearbeiten eingesetzt, darunter die Installation gro\u00dfformatiger Tragkonstruktionen f\u00fcr die Oberleitung. Dank seiner hohen Pr\u00e4zision und der M\u00f6glichkeit, im Gleisprofil zu arbeiten, eignet sich die Maschine auch zum Entladen schwerer Infrastrukturkomponenten.<\/p>\n<p>Der Kran ist auch im <a href=\"https:\/\/trakcjasystem.pl\/de\/maschinenpark\/\">Mietpaket zusammen mit qualifiziertem Bedienpersonal verf\u00fcgbar.<\/a><\/p>\n\t<a href=\"https:\/\/www.youtube.com\/channel\/UCZc_beAUe-M8r2KN7O5805w\/videos\" target=\"_self\" role=\"button\">\n\t\t\t\t\tMehr Videos\n\t<\/a>\n\t<h2><strong>Aktuelles<\/strong><\/h2>\n<h5>\n\tWIR LIEFERN INNOVATION\n\t<\/h5>\n\t<h2>Unsere<br \/>\n<strong>Ausr\u00fcstung<\/strong><\/h2>\n\t<p>Unser Ger\u00e4tebestand umfasst mehrere Dutzend spezialisierte Ger\u00e4te und Maschinen sowie Fahrzeuge, die f\u00fcr die Ausf\u00fchrung komplexer Oberleitungsarbeiten eingesetzt werden.<\/p>\n\t<a href=\"https:\/\/trakcjasystem.pl\/de\/maschinenpark\/\" target=\"_self\" role=\"button\">\n\t\t\t\t\tMaschinenpark\n\t<\/a>\n<h4>\n\tSchienenfahrzeuge\n\t<\/h4>\n\tZu unserer Ausstattung geh\u00f6ren spezialisierte Eisenbahnfahrzeuge wie der Fahrleitungsmontagezug<br \/>\nPS-00 M\/B, Netzcontainerz\u00fcge und andere Sonderfahrzeuge.\n<h4>\n\tZweiwegefahrzeuge\n\t<\/h4>\n\t<p>Ein gro\u00dfer Teil der technischen Ausstattung besteht aus spezialisierten Zweiwegefahrzeugen wie Rammen, Wagen mit Hebeb\u00fchne und mobile Hebeb\u00fchnen. Wir sind das einzige Unternehmen in Polen, das einen Colmar T1000FSC-Kran besitzt.<\/p>\n<h4>\n\tLiefer- und Lastwagen mit HDS \n\t<\/h4>\n\t<p>Wir verf\u00fcgen \u00fcber eine umfangreiche Flotte von Lieferfahrzeugen sowie Lastwagen mit hydraulischem Ladekran (HDS).<\/p>\n<h4>\n\tDie Zahlen sprechen f\u00fcr sich:\n\t<\/h4>\n\t\t\t1,127 km\n\t<h4><strong>Oberleitung<\/strong><br \/>\numgebaut<br \/>\nin Poland<\/h4>\n\t\t\t916 km\n\t<h4><strong>als komplette\u00a0<\/strong><br \/>\nLeistung<br \/>\nin Poland<\/h4>\n\t\t\t228 km\n\t<h4><strong>als Auftragsbestand<br \/>\n<\/strong>in Poland<\/h4>\n\t\t\t4 km\n\t<h4><strong>Oberleitung<\/strong><br \/>\numgebaut<br \/>\nin Deutschland<\/h4>\n\t\t\t11 km\n\t<h4><strong>Oberleitung<br \/>\n<\/strong>&#8211; Auftragsbestand<br \/>\nin Deutschland<\/h4>\n<h5>\n\tUNSERE PARTNER\n\t<\/h5>\n\n<\/div><!-- .vgblk-rw-wrapper -->","protected":false},"excerpt":{"rendered":"<p>Planung Wir bieten Dienstleistungen im Bereich der Planung von Oberleitungsanlagen, Stromversorgungsleitungen sowie Bahnstromversorgungsanlagen bis 1 kV an. Bauleistung Wir bieten umfassende spezialisierte Bauleistungen im Bereich des Eisenbahnstromnetzes an. Wir haben Dutzende von Projekten in Polen ausgef\u00fchrt. Potenzial Unser gr\u00f6\u00dftes Potenzial liegt in unseren erfahrenen und qualifizierten Mitarbeitern sowie in unserem spezialisierten, modernen Maschinenpark. \u00dcBER UNS&#8230;<\/p>\n","protected":false},"author":1,"featured_media":987915,"parent":0,"menu_order":0,"comment_status":"closed","ping_status":"closed","template":"","meta":{"_acf_changed":false,"inline_featured_image":false,"footnotes":""},"class_list":["post-990644","page","type-page","status-publish","has-post-thumbnail","hentry"],"acf":[],"_links":{"self":[{"href":"https:\/\/trakcjasystem.pl\/de\/wp-json\/wp\/v2\/pages\/990644","targetHints":{"allow":["GET"]}}],"collection":[{"href":"https:\/\/trakcjasystem.pl\/de\/wp-json\/wp\/v2\/pages"}],"about":[{"href":"https:\/\/trakcjasystem.pl\/de\/wp-json\/wp\/v2\/types\/page"}],"author":[{"embeddable":true,"href":"https:\/\/trakcjasystem.pl\/de\/wp-json\/wp\/v2\/users\/1"}],"replies":[{"embeddable":true,"href":"https:\/\/trakcjasystem.pl\/de\/wp-json\/wp\/v2\/comments?post=990644"}],"version-history":[{"count":8,"href":"https:\/\/trakcjasystem.pl\/de\/wp-json\/wp\/v2\/pages\/990644\/revisions"}],"predecessor-version":[{"id":992261,"href":"https:\/\/trakcjasystem.pl\/de\/wp-json\/wp\/v2\/pages\/990644\/revisions\/992261"}],"wp:featuredmedia":[{"embeddable":true,"href":"https:\/\/trakcjasystem.pl\/de\/wp-json\/wp\/v2\/media\/987915"}],"wp:attachment":[{"href":"https:\/\/trakcjasystem.pl\/de\/wp-json\/wp\/v2\/media?parent=990644"}],"curies":[{"name":"wp","href":"https:\/\/api.w.org\/{rel}","templated":true}]}}